{"id":793,"date":"2018-08-29T14:59:06","date_gmt":"2018-08-29T17:59:06","guid":{"rendered":"https:\/\/isfdyt59-bue.infd.edu.ar\/sitio\/historia\/"},"modified":"2020-01-21T08:17:12","modified_gmt":"2020-01-21T11:17:12","slug":"historia","status":"publish","type":"page","link":"https:\/\/isfdyt59-bue.infd.edu.ar\/sitio\/historia\/","title":{"rendered":"Historia"},"content":{"rendered":"<div>\n<p style=\"text-align: center;\"><span style=\"font-size: medium;\"><strong>Los Primeros Tiempos<\/strong><br \/>\n<\/span><span style=\"font-size: medium;\">\u00a0\u00a0\u00a0\u00a0\u00a0\u00a0\u00a0\u00a0\u00a0\u00a0\u00a0\u00a0\u00a0\u00a0\u00a0\u00a0\u00a0\u00a0\u00a0\u00a0\u00a0\u00a0\u00a0\u00a0\u00a0\u00a0\u00a0\u00a0\u00a0\u00a0\u00a0\u00a0\u00a0\u00a0\u00a0\u00a0\u00a0\u00a0\u00a0\u00a0\u00a0\u00a0\u00a0\u00a0\u00a0\u00a0\u00a0\u00a0\u00a0 Por Raquel Zulema Presler<br \/>\n<\/span><\/p>\n<p><span style=\"font-size: medium;\">\u00a0<\/span><span style=\"font-size: medium;\">En Marzo de 1980 el entonces Intendente Municipal Dr. Ernesto Ricci se entrevista con el Ministerio de Educaci\u00f3n de la Pcia. De Buenos Aires, Gral. (R) Ovidio J. Solari con el objeto de solicitarle la creaci\u00f3n de establecimiento de nivel terciario para la formaci\u00f3n de maestros en los niveles primario e inicial.<\/span><\/p>\n<p><span style=\"font-size: medium;\">\u00a0<\/span><span style=\"font-size: medium;\">El 19 de Mayo, mediante Resoluci\u00f3n 985\/80 fue aprobada la creaci\u00f3n en Gral. Madariaga del Anexo del Instituto Superior de Formaci\u00f3n Docente N \u00b019\u00a0 de Mar del Plata, que funcionar\u00eda en el Edificio de la Escuela N \u00b01 en horario vespertino, siendo la probable de iniciaci\u00f3n el 1 de Junio.<br \/>\n<\/span><\/p>\n<p><span style=\"font-size: medium;\">\u00a0L<\/span><span style=\"font-size: medium;\">a Unidad Administrativa \u00danica (actual Secretaria de Inspecci\u00f3n) fue la responsable de la organizaci\u00f3n y puesta en funcionamiento del nuevo Instituto para la Formaci\u00f3n de Maestro, llamado a cobertura para las horas c\u00e1tedras de 1\u00b0 A\u00f1o y un cargo de Auxiliar T\u00e9cnico.<br \/>\n<\/span><\/p>\n<p><span style=\"font-size: medium;\">\u00a0<\/span><span style=\"font-size: medium;\">El 9 de Junio a las 16 horas tuvo lugar el Acto Inaugural con la presencia de autoridades municipales, educativas y eclesi\u00e1sticas, docentes del establecimiento, los alumnos ingresantes y sus familiares.<br \/>\n<\/span><\/p>\n<p><span style=\"font-size: medium;\">\u00a0<\/span><span style=\"font-size: medium;\">El Cuerpo Docente estaba formado por la Directora (del ISFD N \u00b019) Prof. Alicia Cosentino de Ferrari, como Regente la Prof. Guillermina Oliva y Auxiliar T\u00e9cnico Nidia M. Villate de Jorge. Los profesores de 1 \u00b0 A\u00f1o eran Claudia Arag\u00f3n, Hilda Candia, Maria Amelia Corti, Celia In\u00e9s Flores, Alicia Celina Gonz\u00e1lez, Maria Emilia S\u00e1enz, N\u00e9lida M. Santorsola, Mar\u00eda Susana Veyra y Marcelo Villegas.<br \/>\n<\/span><\/p>\n<p><span style=\"font-size: medium;\">\u00a0<\/span><span style=\"font-size: medium;\">Es de destacar en el primer a\u00f1o de actividad la donaci\u00f3n de una bandera de ceremonias por parte de la Asociaci\u00f3n de Bomberos Voluntarios de nuestra ciudad, en una ceremonia que tuvo lugar el 17 de Diciembre, La ense\u00f1a patria recibida por la Sra. Directora Profesora Elida Arrechea de Asensio, fue entregada a la abanderada y escoltas, alumnas Ana Beatriz Ortiz, Carolina Ricci y Ana Mar\u00eda Labandal.<br \/>\n<\/span><\/p>\n<p><span style=\"font-size: medium;\">\u00a0<\/span><span style=\"font-size: medium;\">Al desocuparse en 1982 el Edificio sito en Mart\u00ednez\u00a0 Itu\u00f1o\u00a0 y Sarmiento donde funcionaba la Escuela Normal y el Departamento de Aplicaci\u00f3n y el 7 de Junio el Ministerio de Educaci\u00f3n, por Resoluci\u00f3n 1214, autoriza el 7 de Junio el traslado del Instituto conjuntamente con la Escuela de Educaci\u00f3n T\u00e9cnica N \u00b01.<br \/>\n<\/span><\/p>\n<p><span style=\"font-size: medium;\">\u00a0<\/span><span style=\"font-size: medium;\">Entidades del medio, como la COEMA Ltda. El Banco de la Naci\u00f3n Argentina Y Banco Comercial de Tandil aportaron elementos y mobiliario para equipar las dependencias de la nueva sede, cuya refacci\u00f3n estuvo a cargo del Municipio.<br \/>\n<\/span><\/p>\n<p><span style=\"font-size: medium;\">\u00a0<\/span><span style=\"font-size: medium;\">Por Resoluci\u00f3n Ministerial N \u00b0165\/82 se impone al Instituto El Nombre de Dr. Carlos Madariaga y en una ceremonia realizada el 7 de Diciembre como parte de los actos conmemorativos del 75\u00b0 aniversario de la fundaci\u00f3n de nuestra Ciudad, se descubre la placa alusiva donada por\u00a0 la Municipalidad.<br \/>\n<\/span><\/p>\n<p><span style=\"font-size: medium;\">\u00a0<\/span><span style=\"font-size: medium;\">El 30 de Septiembre de 1987, finaliza la anexi\u00f3n al Instituto N \u00b019, siendo designado con el N \u00b059 por Resoluci\u00f3n N \u00b06401 de la Direcci\u00f3n General de Escuelas y Cultura.<\/span><\/p>\n<\/div>\n","protected":false},"excerpt":{"rendered":"<p>Los Primeros Tiempos \u00a0\u00a0\u00a0\u00a0\u00a0\u00a0\u00a0\u00a0\u00a0\u00a0\u00a0\u00a0\u00a0\u00a0\u00a0\u00a0\u00a0\u00a0\u00a0\u00a0\u00a0\u00a0\u00a0\u00a0\u00a0\u00a0\u00a0\u00a0\u00a0\u00a0\u00a0\u00a0\u00a0\u00a0\u00a0\u00a0\u00a0\u00a0\u00a0\u00a0\u00a0\u00a0\u00a0\u00a0\u00a0\u00a0\u00a0\u00a0\u00a0 Por Raquel Zulema Presler \u00a0En Marzo de 1980 el entonces Intendente Municipal Dr. Ernesto Ricci se entrevista con el Ministerio de Educaci\u00f3n de la Pcia. De Buenos Aires, Gral. (R) Ovidio J. Solari con el objeto de solicitarle la creaci\u00f3n de establecimiento de nivel terciario para la formaci\u00f3n de maestros en &#8230; <a title=\"Historia\" class=\"read-more\" href=\"https:\/\/isfdyt59-bue.infd.edu.ar\/sitio\/historia\/\" aria-label=\"More on Historia\">[+]<\/a><\/p>\n","protected":false},"author":102,"featured_media":0,"parent":0,"menu_order":0,"comment_status":"closed","ping_status":"closed","template":"","meta":[],"acf":[],"_links":{"self":[{"href":"https:\/\/isfdyt59-bue.infd.edu.ar\/sitio\/wp-json\/wp\/v2\/pages\/793"}],"collection":[{"href":"https:\/\/isfdyt59-bue.infd.edu.ar\/sitio\/wp-json\/wp\/v2\/pages"}],"about":[{"href":"https:\/\/isfdyt59-bue.infd.edu.ar\/sitio\/wp-json\/wp\/v2\/types\/page"}],"author":[{"embeddable":true,"href":"https:\/\/isfdyt59-bue.infd.edu.ar\/sitio\/wp-json\/wp\/v2\/users\/102"}],"replies":[{"embeddable":true,"href":"https:\/\/isfdyt59-bue.infd.edu.ar\/sitio\/wp-json\/wp\/v2\/comments?post=793"}],"version-history":[{"count":2,"href":"https:\/\/isfdyt59-bue.infd.edu.ar\/sitio\/wp-json\/wp\/v2\/pages\/793\/revisions"}],"predecessor-version":[{"id":942,"href":"https:\/\/isfdyt59-bue.infd.edu.ar\/sitio\/wp-json\/wp\/v2\/pages\/793\/revisions\/942"}],"wp:attachment":[{"href":"https:\/\/isfdyt59-bue.infd.edu.ar\/sitio\/wp-json\/wp\/v2\/media?parent=793"}],"curies":[{"name":"wp","href":"https:\/\/api.w.org\/{rel}","templated":true}]}}