{"id":789,"date":"2018-08-29T14:59:04","date_gmt":"2018-08-29T17:59:04","guid":{"rendered":"https:\/\/isfdyt59-bue.infd.edu.ar\/sitio\/datos-institucionales\/"},"modified":"2025-12-05T14:28:50","modified_gmt":"2025-12-05T17:28:50","slug":"datos-institucionales","status":"publish","type":"page","link":"https:\/\/isfdyt59-bue.infd.edu.ar\/sitio\/datos-institucionales\/","title":{"rendered":"Datos institucionales"},"content":{"rendered":"<blockquote><p><strong><u>Instituto Superior de Formaci\u00f3n Docente y T\u00e9cnica N\u00b0 59<\/u><\/strong><strong><u><br \/>\n<\/u><\/strong><u><\/u><\/p>\n<div align=\"center\">\n<table border=\"1\" width=\"100%\" cellspacing=\"0\" cellpadding=\"0\">\n<tbody>\n<tr>\n<td colspan=\"4\" valign=\"top\"><span style=\"font-size: medium;\"><span style=\"font-family: Times New Roman;\"><strong>Clave \u00danica de Identificaci\u00f3n: <\/strong>0-040-IS-0059 <\/span><\/span><\/td>\n<\/tr>\n<tr>\n<td colspan=\"4\" valign=\"top\">\n<p align=\"center\"><strong><em><span style=\"font-family: Times New Roman; font-size: medium;\">DR. CARLOS MADARIAGA <\/span><\/em><\/strong><\/p>\n<\/td>\n<\/tr>\n<tr>\n<td colspan=\"4\" valign=\"top\"><\/td>\n<\/tr>\n<tr>\n<td colspan=\"2\"><span style=\"font-size: medium;\"><span style=\"font-family: Times New Roman;\"><strong>Calle:<\/strong> MARTINEZ ITU\u00d1O <\/span><\/span><\/td>\n<td><span style=\"font-size: medium;\"><span style=\"font-family: Times New Roman;\"><strong>Nro:<\/strong> 213 <\/span><\/span><\/td>\n<td><span style=\"font-size: medium;\"><span style=\"font-family: Times New Roman;\"><strong>Piso: &#8212;-<\/strong><\/span><\/span><\/td>\n<\/tr>\n<tr>\n<td valign=\"top\"><span style=\"font-size: medium;\"><span style=\"font-family: Times New Roman;\"><strong>Localidad:<\/strong> GRAL J. MADARIAGA <\/span><\/span><\/td>\n<td valign=\"top\"><span style=\"font-size: medium;\"><span style=\"font-family: Times New Roman;\"><strong>CP:<\/strong> 7163 <\/span><\/span><\/td>\n<td colspan=\"2\" valign=\"top\"><span style=\"font-family: Times New Roman; font-size: medium;\">&#8211;<\/span><\/td>\n<\/tr>\n<tr>\n<td>Tel\u00e9fono: 02267 420175<\/td>\n<td colspan=\"3\"><span style=\"font-family: Times New Roman; font-size: medium;\">&#8211; <strong>Nro. de Red Privada Virtual:<\/strong><br \/>\n42629<\/span><\/td>\n<\/tr>\n<tr>\n<td colspan=\"4\" valign=\"bottom\">\n<p align=\"center\"><span style=\"font-size: medium;\"><span style=\"font-family: Times New Roman;\"><b>Correo: <\/b>&nbsp;<\/span><\/span>isfdyt59@yahoo.com.ar<\/p>\n<\/td>\n<\/tr>\n<tr style=\"height: 0px;\">\n<td style=\"width: 296px;\">CONSULTAS: Mensaje privado a&nbsp;<a href=\"https:\/\/www.facebook.com\/isfdyt.madariaga\">https:\/\/www.facebook.com\/isfdyt.madariaga<\/a><\/td>\n<td style=\"width: 102px;\"><\/td>\n<td style=\"width: 99px;\"><\/td>\n<td style=\"width: 63px;\"><\/td>\n<\/tr>\n<\/tbody>\n<\/table>\n<\/div>\n<table style=\"height: 45px;\" border=\"1\" width=\"921\" cellspacing=\"0\" cellpadding=\"0\">\n<tbody>\n<tr>\n<td style=\"width: 15%;\"><\/td>\n<td style=\"width: 10%;\"><span style=\"font-size: medium;\"><span style=\"font-family: Times New Roman;\">&nbsp;<\/span><\/span><\/td>\n<td style=\"width: 15%;\"><\/td>\n<td style=\"width: 10%;\"><\/td>\n<td style=\"width: 15%;\"><\/td>\n<td style=\"width: 10%;\"><\/td>\n<td style=\"width: 15%;\"><\/td>\n<td style=\"width: 10%;\"><\/td>\n<\/tr>\n<\/tbody>\n<\/table>\n<table border=\"1\" width=\"80%\" cellspacing=\"0\" cellpadding=\"0\">\n<tbody>\n<tr>\n<td style=\"width: 18%;\"><\/td>\n<td style=\"width: 41%;\"><\/td>\n<td style=\"width: 20%;\"><\/td>\n<td style=\"width: 12%;\"><\/td>\n<\/tr>\n<tr>\n<td><\/td>\n<td>\n<div align=\"center\">\n<table border=\"0\" width=\"100%\" cellspacing=\"1\" cellpadding=\"0\">\n<tbody>\n<tr>\n<td><span style=\"font-size: medium;\"><span style=\"font-family: Times New Roman;\">&nbsp;<\/span><\/span><\/td>\n<td><\/td>\n<td><span style=\"font-family: Times New Roman; font-size: medium;\">&nbsp;<\/span><\/td>\n<\/tr>\n<\/tbody>\n<\/table>\n<\/div>\n<\/td>\n<td><span style=\"font-size: medium;\"><span style=\"font-family: Times New Roman;\">&nbsp;<\/span><\/span><\/td>\n<td style=\"width: 9%;\"><span style=\"font-size: medium;\"><span style=\"font-family: Times New Roman;\">&nbsp;<\/span><\/span><\/td>\n<\/tr>\n<tr>\n<td><span style=\"font-size: medium;\"><span style=\"font-family: Times New Roman;\">&nbsp;<\/span><\/span><\/td>\n<td>\n<div align=\"center\">\n<table border=\"0\" width=\"100%\" cellspacing=\"1\" cellpadding=\"0\">\n<tbody>\n<tr>\n<td><span style=\"font-size: medium;\"><span style=\"font-family: Times New Roman;\">&nbsp;<\/span><\/span><\/td>\n<td><\/td>\n<td><span style=\"font-family: Times New Roman; font-size: medium;\">&nbsp;<\/span><\/td>\n<\/tr>\n<\/tbody>\n<\/table>\n<\/div>\n<\/td>\n<td><span style=\"font-size: medium;\"><span style=\"font-family: Times New Roman;\">&nbsp;<\/span><\/span><\/td>\n<td style=\"width: 9%;\"><\/td>\n<\/tr>\n<tr>\n<td><span style=\"font-size: medium;\"><span style=\"font-family: Times New Roman;\">&nbsp;<\/span><\/span><\/td>\n<td>\n<div align=\"center\">\n<table border=\"0\" width=\"100%\" cellspacing=\"1\" cellpadding=\"0\">\n<tbody>\n<tr>\n<td><span style=\"font-size: medium;\"><span style=\"font-family: Times New Roman;\">&nbsp;<\/span><\/span><\/td>\n<td><\/td>\n<td><span style=\"font-family: Times New Roman; font-size: medium;\">&nbsp;<\/span><\/td>\n<\/tr>\n<\/tbody>\n<\/table>\n<\/div>\n<\/td>\n<td><span style=\"font-size: medium;\"><span style=\"font-family: Times New Roman;\">&nbsp;<\/span><\/span><\/td>\n<td style=\"width: 9%;\"><span style=\"font-size: medium;\"><span style=\"font-family: Times New Roman;\">&nbsp;<\/span><\/span><\/td>\n<\/tr>\n<tr>\n<td><span style=\"font-size: medium;\"><span style=\"font-family: Times New Roman;\">&nbsp;<\/span><\/span><\/td>\n<td>\n<div align=\"center\">\n<table border=\"0\" width=\"100%\" cellspacing=\"1\" cellpadding=\"0\">\n<tbody>\n<tr>\n<td><span style=\"font-size: medium;\"><span style=\"font-family: Times New Roman;\">&nbsp;<\/span><\/span><\/td>\n<td><\/td>\n<td><span style=\"font-family: Times New Roman; font-size: medium;\">&nbsp;<\/span><\/td>\n<\/tr>\n<\/tbody>\n<\/table>\n<\/div>\n<\/td>\n<td><span style=\"font-size: medium;\"><span style=\"font-family: Times New Roman;\">&nbsp;<\/span><\/span><\/td>\n<td style=\"width: 9%;\"><span style=\"font-size: medium;\"><span style=\"font-family: Times New Roman;\">&nbsp;<\/span><\/span><\/td>\n<\/tr>\n<tr>\n<td><\/td>\n<td>\n<div align=\"center\">\n<table border=\"0\" width=\"100%\" cellspacing=\"1\" cellpadding=\"0\">\n<tbody>\n<tr>\n<td><\/td>\n<td><\/td>\n<td><span style=\"font-family: Times New Roman; font-size: medium;\">&nbsp;<\/span><\/td>\n<\/tr>\n<\/tbody>\n<\/table>\n<\/div>\n<\/td>\n<td><\/td>\n<td style=\"width: 9%;\"><\/td>\n<\/tr>\n<tr>\n<td><span style=\"font-size: medium;\"><span style=\"font-family: Times New Roman;\">&nbsp;<\/span><\/span><\/td>\n<td>\n<div align=\"center\">\n<table border=\"0\" width=\"100%\" cellspacing=\"1\" cellpadding=\"0\">\n<tbody>\n<tr>\n<td><\/td>\n<td><span style=\"font-size: medium;\"><span style=\"font-family: Times New Roman;\">&nbsp;<\/span><\/span><\/td>\n<td><span style=\"font-family: Times New Roman; font-size: medium;\">&nbsp;<\/span><\/td>\n<\/tr>\n<\/tbody>\n<\/table>\n<\/div>\n<\/td>\n<td><\/td>\n<td style=\"width: 9%;\"><\/td>\n<\/tr>\n<tr>\n<td><span style=\"font-size: medium;\"><span style=\"font-family: Times New Roman;\">&nbsp;<\/span><\/span><\/td>\n<td>\n<div align=\"center\">\n<table border=\"0\" width=\"100%\" cellspacing=\"1\" cellpadding=\"0\">\n<tbody>\n<tr>\n<td><span style=\"font-size: medium;\"><span style=\"font-family: Times New Roman;\">&nbsp;<\/span><\/span><\/td>\n<td><\/td>\n<td><span style=\"font-family: Times New Roman; font-size: medium;\">&nbsp;<\/span><\/td>\n<\/tr>\n<\/tbody>\n<\/table>\n<\/div>\n<\/td>\n<td><span style=\"font-size: medium;\"><span style=\"font-family: Times New Roman;\">&nbsp;<\/span><\/span><\/td>\n<td style=\"width: 9%;\"><span style=\"font-size: medium;\"><span style=\"font-family: Times New Roman;\">&nbsp;<\/span><\/span><\/td>\n<\/tr>\n<tr>\n<td><span style=\"font-size: medium;\"><span style=\"font-family: Times New Roman;\">&nbsp;<\/span><\/span><\/td>\n<td>\n<div align=\"center\">\n<table border=\"0\" width=\"100%\" cellspacing=\"1\" cellpadding=\"0\">\n<tbody>\n<tr>\n<td><span style=\"font-size: medium;\"><span style=\"font-family: Times New Roman;\">&nbsp;<\/span><\/span><\/td>\n<td><\/td>\n<td><span style=\"font-family: Times New Roman; font-size: medium;\">&nbsp;<\/span><\/td>\n<\/tr>\n<\/tbody>\n<\/table>\n<\/div>\n<\/td>\n<td><\/td>\n<td style=\"width: 9%;\"><\/td>\n<\/tr>\n<\/tbody>\n<\/table>\n<\/blockquote>\n","protected":false},"excerpt":{"rendered":"<p>Instituto Superior de Formaci\u00f3n Docente y T\u00e9cnica N\u00b0 59 Clave \u00danica de Identificaci\u00f3n: 0-040-IS-0059 DR. CARLOS MADARIAGA Calle: MARTINEZ ITU\u00d1O Nro: 213 Piso: &#8212;- Localidad: GRAL J. MADARIAGA CP: 7163 &#8211; Tel\u00e9fono: 02267 420175 &#8211; Nro. de Red Privada Virtual: 42629 Correo: &nbsp;isfdyt59@yahoo.com.ar CONSULTAS: Mensaje privado a&nbsp;https:\/\/www.facebook.com\/isfdyt.madariaga &nbsp; &nbsp; &nbsp; &nbsp; &nbsp; &nbsp; &nbsp; &nbsp; &#8230; <a title=\"Datos institucionales\" class=\"read-more\" href=\"https:\/\/isfdyt59-bue.infd.edu.ar\/sitio\/datos-institucionales\/\" aria-label=\"More on Datos institucionales\">[+]<\/a><\/p>\n","protected":false},"author":102,"featured_media":0,"parent":0,"menu_order":0,"comment_status":"closed","ping_status":"closed","template":"","meta":[],"acf":[],"_links":{"self":[{"href":"https:\/\/isfdyt59-bue.infd.edu.ar\/sitio\/wp-json\/wp\/v2\/pages\/789"}],"collection":[{"href":"https:\/\/isfdyt59-bue.infd.edu.ar\/sitio\/wp-json\/wp\/v2\/pages"}],"about":[{"href":"https:\/\/isfdyt59-bue.infd.edu.ar\/sitio\/wp-json\/wp\/v2\/types\/page"}],"author":[{"embeddable":true,"href":"https:\/\/isfdyt59-bue.infd.edu.ar\/sitio\/wp-json\/wp\/v2\/users\/102"}],"replies":[{"embeddable":true,"href":"https:\/\/isfdyt59-bue.infd.edu.ar\/sitio\/wp-json\/wp\/v2\/comments?post=789"}],"version-history":[{"count":7,"href":"https:\/\/isfdyt59-bue.infd.edu.ar\/sitio\/wp-json\/wp\/v2\/pages\/789\/revisions"}],"predecessor-version":[{"id":3295,"href":"https:\/\/isfdyt59-bue.infd.edu.ar\/sitio\/wp-json\/wp\/v2\/pages\/789\/revisions\/3295"}],"wp:attachment":[{"href":"https:\/\/isfdyt59-bue.infd.edu.ar\/sitio\/wp-json\/wp\/v2\/media?parent=789"}],"curies":[{"name":"wp","href":"https:\/\/api.w.org\/{rel}","templated":true}]}}