{"id":1331,"date":"2021-04-07T15:49:02","date_gmt":"2021-04-07T18:49:02","guid":{"rendered":"https:\/\/isfdyt59-bue.infd.edu.ar\/sitio\/?page_id=1331"},"modified":"2026-03-15T12:42:36","modified_gmt":"2026-03-15T15:42:36","slug":"equivalencias","status":"publish","type":"page","link":"https:\/\/isfdyt59-bue.infd.edu.ar\/sitio\/equivalencias\/","title":{"rendered":"EQUIVALENCIAS"},"content":{"rendered":"<p><span style=\"font-weight: 400;\">El reconocimiento de saberes por Equivalencia para unidades curriculares en que un estudiante se encuentra inscripto podr\u00e1 solicitarse a partir de unidades curriculares acreditadas con anterioridad en otra carrera de Nivel Superior.\u00a0<\/span><\/p>\n<p><span style=\"font-weight: 400;\">El reconocimiento podr\u00e1 resolverse como equivalencia autom\u00e1tica, equivalencia parcial, equivalencia total.<\/span><\/p>\n<p>DOCUMENTACI\u00d3N\u00a0 REQUERIDA PARA SOLICITUD DE EQUIVALENCIAS: <span style=\"font-weight: 400;\">certificado anal\u00edtico de estudios realizados y los programas que correspondan en los que conste carga horaria, contenidos y bibliograf\u00eda, de las unidades curriculares sobre las que solicita equivalencia. La documentaci\u00f3n deber\u00e1 estar foliada, con firma y sello de las autoridades de la instituci\u00f3n emisora, en original. La documentaci\u00f3n deber\u00e1 estar foliada, con firma y sello de las autoridades de la instituci\u00f3n emisora, en original.\u00a0<\/span><\/p>\n<p>PLAZOS DE SOLICITUD: 23 de febrero al 30 de abril<\/p>\n<p><b><i>Pautas para solicitud de unidades curriculares por equivalencia<\/i><\/b><\/p>\n<ul>\n<li><span style=\"font-weight: 400;\"> Solicitar entrevista con equipo de conducci\u00f3n por nota impresa indicando tel\u00e9fono de contacto, carrera en que se halle matriculada\/o. Presentar anal\u00edtico de la carrera cursada.<\/span><\/li>\n<li><span style=\"font-weight: 400;\">En la entrevista se orientar\u00e1 sobre la solicitud y confecci\u00f3n de planillas, las cuales deber\u00e1 posteriormente completar y presentar adjuntando los programas.<\/span><\/li>\n<li><strong> Cursar la unidad curricular cuya acreditaci\u00f3n se solicita por equivalencia, hasta tanto se le confirme fehacientemente que se le otorg\u00f3 lo solicitado.<\/strong><\/li>\n<\/ul>\n<h3>\u00a0<strong> \u00a0<span style=\"color: #3366ff;\"> Consultas:<\/span><\/strong><\/h3>\n<p>Modalidad: presencial<\/p>\n<p>Referente de gesti\u00f3n: Jefa de \u00c1rea<\/p>\n<p><strong><img decoding=\"async\" loading=\"lazy\" class=\"alignnone  wp-image-3378\" src=\"https:\/\/isfdyt59-bue.infd.edu.ar\/sitio\/wp-content\/uploads\/2026\/03\/WhatsApp-Image-2026-03-09-at-1.33.29-PM-1000x1000.jpeg\" alt=\"\" width=\"163\" height=\"163\" srcset=\"https:\/\/isfdyt59-bue.infd.edu.ar\/sitio\/wp-content\/uploads\/2026\/03\/WhatsApp-Image-2026-03-09-at-1.33.29-PM-1000x1000.jpeg 1000w, https:\/\/isfdyt59-bue.infd.edu.ar\/sitio\/wp-content\/uploads\/2026\/03\/WhatsApp-Image-2026-03-09-at-1.33.29-PM-500x500.jpeg 500w, https:\/\/isfdyt59-bue.infd.edu.ar\/sitio\/wp-content\/uploads\/2026\/03\/WhatsApp-Image-2026-03-09-at-1.33.29-PM-768x768.jpeg 768w, https:\/\/isfdyt59-bue.infd.edu.ar\/sitio\/wp-content\/uploads\/2026\/03\/WhatsApp-Image-2026-03-09-at-1.33.29-PM.jpeg 1080w\" sizes=\"(max-width: 163px) 100vw, 163px\" \/><\/strong><\/p>\n<p><strong>Consultas:<\/strong>\u00a0<em>instituto59@gmail.com<\/em><\/p>\n<p>\u00a0<\/p>\n<h3>\u00a0 \u00a0<\/h3>\n\n\n<p><\/p>\n","protected":false},"excerpt":{"rendered":"<p>El reconocimiento de saberes por Equivalencia para unidades curriculares en que un estudiante se encuentra inscripto podr\u00e1 solicitarse a partir de unidades curriculares acreditadas con anterioridad en otra carrera de Nivel Superior.\u00a0 El reconocimiento podr\u00e1 resolverse como equivalencia autom\u00e1tica, equivalencia parcial, equivalencia total. DOCUMENTACI\u00d3N\u00a0 REQUERIDA PARA SOLICITUD DE EQUIVALENCIAS: certificado anal\u00edtico de estudios realizados y &#8230; <a title=\"EQUIVALENCIAS\" class=\"read-more\" href=\"https:\/\/isfdyt59-bue.infd.edu.ar\/sitio\/equivalencias\/\" aria-label=\"More on EQUIVALENCIAS\">[+]<\/a><\/p>\n","protected":false},"author":85,"featured_media":0,"parent":0,"menu_order":0,"comment_status":"closed","ping_status":"closed","template":"","meta":[],"acf":[],"_links":{"self":[{"href":"https:\/\/isfdyt59-bue.infd.edu.ar\/sitio\/wp-json\/wp\/v2\/pages\/1331"}],"collection":[{"href":"https:\/\/isfdyt59-bue.infd.edu.ar\/sitio\/wp-json\/wp\/v2\/pages"}],"about":[{"href":"https:\/\/isfdyt59-bue.infd.edu.ar\/sitio\/wp-json\/wp\/v2\/types\/page"}],"author":[{"embeddable":true,"href":"https:\/\/isfdyt59-bue.infd.edu.ar\/sitio\/wp-json\/wp\/v2\/users\/85"}],"replies":[{"embeddable":true,"href":"https:\/\/isfdyt59-bue.infd.edu.ar\/sitio\/wp-json\/wp\/v2\/comments?post=1331"}],"version-history":[{"count":21,"href":"https:\/\/isfdyt59-bue.infd.edu.ar\/sitio\/wp-json\/wp\/v2\/pages\/1331\/revisions"}],"predecessor-version":[{"id":3379,"href":"https:\/\/isfdyt59-bue.infd.edu.ar\/sitio\/wp-json\/wp\/v2\/pages\/1331\/revisions\/3379"}],"wp:attachment":[{"href":"https:\/\/isfdyt59-bue.infd.edu.ar\/sitio\/wp-json\/wp\/v2\/media?parent=1331"}],"curies":[{"name":"wp","href":"https:\/\/api.w.org\/{rel}","templated":true}]}}